{"id":12526,"date":"2020-08-04T08:19:30","date_gmt":"2020-08-04T06:19:30","guid":{"rendered":"https:\/\/latipografatoscana.it\/compare\/"},"modified":"2023-09-27T10:51:27","modified_gmt":"2023-09-27T08:51:27","slug":"compare","status":"publish","type":"page","link":"https:\/\/latipografatoscana.it\/en\/compare\/","title":{"rendered":"Compare"},"content":{"rendered":"\t\t<div data-elementor-type=\"wp-page\" data-elementor-id=\"12526\" class=\"elementor elementor-12526 elementor-948\" data-elementor-post-type=\"page\">\n\t\t\t\t\t\t<section class=\"elementor-section elementor-top-section elementor-element elementor-element-105445b elementor-section-full_width elementor-section-height-default elementor-section-height-default\" data-id=\"105445b\" data-element_type=\"section\" data-e-type=\"section\">\n\t\t\t\t\t\t<div class=\"elementor-container elementor-column-gap-no\">\n\t\t\t\t\t<div class=\"elementor-column elementor-col-100 elementor-top-column elementor-element elementor-element-ba2007f\" data-id=\"ba2007f\" data-element_type=\"column\" data-e-type=\"column\">\n\t\t\t<div class=\"elementor-widget-wrap elementor-element-populated\">\n\t\t\t\t\t\t<div class=\"elementor-element elementor-element-34a918a elementor-widget elementor-widget-jet-compare\" data-id=\"34a918a\" data-element_type=\"widget\" data-e-type=\"widget\" data-widget_type=\"jet-compare.default\">\n\t\t\t\t<div class=\"elementor-widget-container\">\n\t\t\t\t\t<div class=\"jet-cw jet-compare\">\n\t\t\t<div class=\"jet-compare-table__wrapper jet-compare-table-responsive-mobile\" data-widget-type=\"jet-compare\" data-widget-id=\"34a918a\">\n\t\t\t\t<h5 class=\"jet-compare-table-empty\">You have no comparison lists. Add products to the comparison.<\/h5>\n\t\t\t<\/div>\n\n\t\t\t<\/div>\t\t\t\t<\/div>\n\t\t\t\t<\/div>\n\t\t\t\t\t<\/div>\n\t\t<\/div>\n\t\t\t\t\t<\/div>\n\t\t<\/section>\n\t\t\t\t<\/div>\n\t\t","protected":false},"excerpt":{"rendered":"<p>Prodotto: Save water drink wine Immagine Prezzo: 55,00&euro; Descrizione: Il mantra degli astemi, proprio:\u00a0Save Water Drink Wine\u00a0finisce sotto torchio. Il colore, inutile dirlo, \u00e8 a met\u00e0 strada tra un Sangiovese e un Pinot Nero. Il tuo amico Sommelier ne andr\u00e0 pazzo. Dir\u00e0 che \u00e8 intenso, delicato e complesso, fermentazione spontanea, profumi ampi e stratificati. Strutturato. [&hellip;]<\/p>\n","protected":false},"author":5,"featured_media":0,"parent":0,"menu_order":0,"comment_status":"closed","ping_status":"closed","template":"elementor_header_footer","meta":{"site-sidebar-layout":"default","site-content-layout":"","ast-site-content-layout":"default","site-content-style":"default","site-sidebar-style":"default","ast-global-header-display":"","ast-banner-title-visibility":"","ast-main-header-display":"","ast-hfb-above-header-display":"","ast-hfb-below-header-display":"","ast-hfb-mobile-header-display":"","site-post-title":"","ast-breadcrumbs-content":"","ast-featured-img":"","footer-sml-layout":"","ast-disable-related-posts":"","theme-transparent-header-meta":"","adv-header-id-meta":"","stick-header-meta":"","header-above-stick-meta":"","header-main-stick-meta":"","header-below-stick-meta":"","astra-migrate-meta-layouts":"default","ast-page-background-enabled":"default","ast-page-background-meta":{"desktop":{"background-color":"var(--ast-global-color-4)","background-image":"","background-repeat":"repeat","background-position":"center center","background-size":"auto","background-attachment":"scroll","background-type":"","background-media":"","overlay-type":"","overlay-color":"","overlay-opacity":"","overlay-gradient":""},"tablet":{"background-color":"","background-image":"","background-repeat":"repeat","background-position":"center center","background-size":"auto","background-attachment":"scroll","background-type":"","background-media":"","overlay-type":"","overlay-color":"","overlay-opacity":"","overlay-gradient":""},"mobile":{"background-color":"","background-image":"","background-repeat":"repeat","background-position":"center center","background-size":"auto","background-attachment":"scroll","background-type":"","background-media":"","overlay-type":"","overlay-color":"","overlay-opacity":"","overlay-gradient":""}},"ast-content-background-meta":{"desktop":{"background-color":"var(--ast-global-color-5)","background-image":"","background-repeat":"repeat","background-position":"center center","background-size":"auto","background-attachment":"scroll","background-type":"","background-media":"","overlay-type":"","overlay-color":"","overlay-opacity":"","overlay-gradient":""},"tablet":{"background-color":"var(--ast-global-color-5)","background-image":"","background-repeat":"repeat","background-position":"center center","background-size":"auto","background-attachment":"scroll","background-type":"","background-media":"","overlay-type":"","overlay-color":"","overlay-opacity":"","overlay-gradient":""},"mobile":{"background-color":"var(--ast-global-color-5)","background-image":"","background-repeat":"repeat","background-position":"center center","background-size":"auto","background-attachment":"scroll","background-type":"","background-media":"","overlay-type":"","overlay-color":"","overlay-opacity":"","overlay-gradient":""}},"footnotes":""},"class_list":["post-12526","page","type-page","status-publish","hentry"],"_links":{"self":[{"href":"https:\/\/latipografatoscana.it\/en\/wp-json\/wp\/v2\/pages\/12526","targetHints":{"allow":["GET"]}}],"collection":[{"href":"https:\/\/latipografatoscana.it\/en\/wp-json\/wp\/v2\/pages"}],"about":[{"href":"https:\/\/latipografatoscana.it\/en\/wp-json\/wp\/v2\/types\/page"}],"author":[{"embeddable":true,"href":"https:\/\/latipografatoscana.it\/en\/wp-json\/wp\/v2\/users\/5"}],"replies":[{"embeddable":true,"href":"https:\/\/latipografatoscana.it\/en\/wp-json\/wp\/v2\/comments?post=12526"}],"version-history":[{"count":3,"href":"https:\/\/latipografatoscana.it\/en\/wp-json\/wp\/v2\/pages\/12526\/revisions"}],"predecessor-version":[{"id":12529,"href":"https:\/\/latipografatoscana.it\/en\/wp-json\/wp\/v2\/pages\/12526\/revisions\/12529"}],"wp:attachment":[{"href":"https:\/\/latipografatoscana.it\/en\/wp-json\/wp\/v2\/media?parent=12526"}],"curies":[{"name":"wp","href":"https:\/\/api.w.org\/{rel}","templated":true}]}}